{"id":6035,"date":"2024-09-19T20:43:24","date_gmt":"2024-09-19T20:43:24","guid":{"rendered":"https:\/\/marketing.softland.ai\/?page_id=6035"},"modified":"2025-04-28T13:45:46","modified_gmt":"2025-04-28T13:45:46","slug":"company","status":"publish","type":"page","link":"https:\/\/lynon.com\/es\/company\/","title":{"rendered":"Compa\u00f1\u00eda"},"content":{"rendered":"<div data-elementor-type=\"wp-page\" data-elementor-id=\"6035\" class=\"elementor elementor-6035\" data-elementor-post-type=\"page\">\n\t\t\t\t<div data-lqd-color-scheme=\"dark\" class=\"elementor-element elementor-element-8064c35 e-flex e-con-boxed e-con e-parent\" data-id=\"8064c35\" data-element_type=\"container\" data-settings=\"{&quot;background_background&quot;:&quot;classic&quot;}\">\n\t\t\t\t\t<div class=\"e-con-inner\">\n\t\t<div class=\"elementor-element elementor-element-5e6967b e-con-full e-flex e-con e-child\" data-id=\"5e6967b\" data-element_type=\"container\">\n\t\t\t\t<div class=\"elementor-element elementor-element-93cc5d9 hero-title elementor-widget elementor-widget-heading\" data-id=\"93cc5d9\" data-element_type=\"widget\" data-widget_type=\"heading.default\">\n\t\t\t\t<div class=\"elementor-widget-container\">\n\t\t\t\t\t<h1 class=\"elementor-heading-title elementor-size-default\">Compa\u00f1\u00eda<\/h1>\t\t\t\t<\/div>\n\t\t\t\t<\/div>\n\t\t\t\t<div class=\"elementor-element elementor-element-5e13280 lqd-text-tag-h3 elementor-widget elementor-widget-lqd-text\" data-id=\"5e13280\" data-element_type=\"widget\" data-widget_type=\"lqd-text.default\">\n\t\t\t\t<div class=\"elementor-widget-container\">\n\t\t\t\t\t<h3 class=\"lqd-text-el m-0 p-0\"><span class=\"lqd-text-item relative elementor-repeater-item-eb5eb15\">Filosof\u00eda y Visi\u00f3n<\/span><\/h3>\t\t\t\t<\/div>\n\t\t\t\t<\/div>\n\t\t\t\t<div class=\"elementor-element elementor-element-2df1832 elementor-widget elementor-widget-lqd-button\" data-id=\"2df1832\" data-element_type=\"widget\" data-widget_type=\"lqd-button.default\">\n\t\t\t\t<div class=\"elementor-widget-container\">\n\t\t\t\t\t\n\t\t<a href=\"https:\/\/lynon.bamboohr.com\/careers\/\" target=\"_blank\" rel=\"nofollow\" role=\"button\" class=\"lqd-btn inline-flex items-center relative lqd-group lqd-group-btn\" data-lqd-local-scroll-el=\"\"><span class=\"lqd-btn-txt relative z-1\">Explore Careers<\/span><\/a>\n\n\t\t\t\t\t\t<\/div>\n\t\t\t\t<\/div>\n\t\t\t\t<\/div>\n\t\t\t\t\t<\/div>\n\t\t\t\t<\/div>\n\t\t<div class=\"elementor-element elementor-element-b698e09 e-flex e-con-boxed e-con e-parent\" data-id=\"b698e09\" data-element_type=\"container\">\n\t\t\t\t\t<div class=\"e-con-inner\">\n\t\t<div class=\"elementor-element elementor-element-af7c71d e-con-full e-flex e-con e-child\" data-id=\"af7c71d\" data-element_type=\"container\">\n\t\t\t\t<div class=\"elementor-element elementor-element-a4ddccd lqd-text-tag-h2 elementor-widget elementor-widget-lqd-text\" data-id=\"a4ddccd\" data-element_type=\"widget\" data-widget_type=\"lqd-text.default\">\n\t\t\t\t<div class=\"elementor-widget-container\">\n\t\t\t\t\t<h2 class=\"lqd-text-el m-0 p-0\"><span class=\"lqd-text-item relative elementor-repeater-item-c63d5a9\">EL TIEMPO ES ORO<\/span><\/h2>\t\t\t\t<\/div>\n\t\t\t\t<\/div>\n\t\t\t\t<div class=\"elementor-element elementor-element-da48bf1 lqd-text-tag-h3 elementor-widget elementor-widget-lqd-text\" data-id=\"da48bf1\" data-element_type=\"widget\" data-widget_type=\"lqd-text.default\">\n\t\t\t\t<div class=\"elementor-widget-container\">\n\t\t\t\t\t<h3 class=\"lqd-text-el m-0 p-0\"><span class=\"lqd-text-item relative elementor-repeater-item-2cd8439\">\"Creemos que el tiempo no es para los procedimientos operativos; el tiempo es para planificar el futuro.\"<\/span><\/h3>\t\t\t\t<\/div>\n\t\t\t\t<\/div>\n\t\t\t\t<\/div>\n\t\t<div class=\"elementor-element elementor-element-adf7f4e e-con-full e-flex e-con e-child\" data-id=\"adf7f4e\" data-element_type=\"container\">\n\t\t\t\t<div class=\"elementor-element elementor-element-2fee23b elementor-widget__width-inherit elementor-widget elementor-widget-text-editor\" data-id=\"2fee23b\" data-element_type=\"widget\" data-widget_type=\"text-editor.default\">\n\t\t\t\t<div class=\"elementor-widget-container\">\n\t\t\t\t\t\t\t\t\t<p><span style=\"font-weight: 400;\">Nuestros socios ahorran tiempo y energ\u00eda al recibir un producto totalmente listo para su lanzamiento y f\u00e1cilmente ajustable en un ecosistema compatible con API. Las diferentes solicitudes y necesidades de los socios se cubren sin problemas y de una sola vez gracias a nuestro entorno SaaS. Nuestro enfoque permite evitar retrasos, largos procedimientos y complejas comunicaciones t\u00e9cnicas, lo que permite a los socios centrarse en sus operaciones comerciales y en la creaci\u00f3n de estrategias de marketing.<\/span><\/p>\t\t\t\t\t\t\t\t<\/div>\n\t\t\t\t<\/div>\n\t\t\t\t<\/div>\n\t\t\t\t\t<\/div>\n\t\t\t\t<\/div>\n\t\t<div class=\"elementor-element elementor-element-22c023b e-flex e-con-boxed e-con e-parent\" data-id=\"22c023b\" data-element_type=\"container\">\n\t\t\t\t\t<div class=\"e-con-inner\">\n\t\t<div class=\"elementor-element elementor-element-3a9a2f8 e-con-full e-flex e-con e-child\" data-id=\"3a9a2f8\" data-element_type=\"container\">\n\t\t\t\t<div class=\"elementor-element elementor-element-d399a39 lqd-text-tag-h2 elementor-widget elementor-widget-lqd-text\" data-id=\"d399a39\" data-element_type=\"widget\" data-widget_type=\"lqd-text.default\">\n\t\t\t\t<div class=\"elementor-widget-container\">\n\t\t\t\t\t<h2 class=\"lqd-text-el m-0 p-0\"><span class=\"lqd-text-item relative elementor-repeater-item-c63d5a9\">PARA EL LARGO PLAZO<\/span><\/h2>\t\t\t\t<\/div>\n\t\t\t\t<\/div>\n\t\t\t\t<div class=\"elementor-element elementor-element-ce52e44 lqd-text-tag-h3 elementor-widget elementor-widget-lqd-text\" data-id=\"ce52e44\" data-element_type=\"widget\" data-widget_type=\"lqd-text.default\">\n\t\t\t\t<div class=\"elementor-widget-container\">\n\t\t\t\t\t<h3 class=\"lqd-text-el m-0 p-0\"><span class=\"lqd-text-item relative elementor-repeater-item-2cd8439\">\"\u00a1Vamos a fondo, para que los socios puedan llegar lejos y r\u00e1pido!\"<\/span><\/h3>\t\t\t\t<\/div>\n\t\t\t\t<\/div>\n\t\t\t\t<\/div>\n\t\t<div class=\"elementor-element elementor-element-8bcb692 e-con-full e-flex e-con e-child\" data-id=\"8bcb692\" data-element_type=\"container\">\n\t\t\t\t<div class=\"elementor-element elementor-element-e5d01d4 elementor-widget__width-inherit elementor-widget elementor-widget-text-editor\" data-id=\"e5d01d4\" data-element_type=\"widget\" data-widget_type=\"text-editor.default\">\n\t\t\t\t<div class=\"elementor-widget-container\">\n\t\t\t\t\t\t\t\t\t<p><span style=\"font-weight: 400;\">En sectores complejos como el del iGaming, una soluci\u00f3n es v\u00e1lida si funciona de inmediato, desde el primer contacto. Podr\u00edamos empezar a hacer un cambio en la industria solo si ya tuvi\u00e9ramos una soluci\u00f3n que resolviera algo pendiente. Es por eso que nuestra historia parte de la soluci\u00f3n que funciona y que se mantiene as\u00ed por mucho tiempo.<\/span><\/p><p><span style=\"font-weight: 400;\">Muchas plataformas de iGaming carecen de la escalabilidad y la previsi\u00f3n necesarias para adaptarse a los nuevos avances. En Lynon, damos prioridad a la creaci\u00f3n de soluciones que evolucionen con el sector, lo que garantiza que nuestros socios sigan siendo competitivos a largo plazo.<\/span><span style=\"font-weight: 400;\">.<\/span><\/p><p><span style=\"font-weight: 400;\">Nuestras principales cualidades y funcionalidades se han desarrollado y estructurado de forma que no funcionen como \"analg\u00e9sicos\" temporales para los problemas que surjan; desde la arquitectura modular y las posibilidades de integraci\u00f3n hasta la vers\u00e1til plataforma de gesti\u00f3n de componentes, todo el sistema proporciona \u00fanicamente una producci\u00f3n lista para usar que no es reactiva en su esencia, sino preventiva, lo que permite ahorrar tiempo y, al mismo tiempo, mantener la calidad.\u00a0<\/span><\/p><p><span style=\"font-weight: 400;\">En el mismo contexto de nuestra filosof\u00eda, con la \"soluci\u00f3n como nuestra historia\" (por tanto, el \u00fanico punto de partida desde el que podr\u00edamos empezar), la preparaci\u00f3n de todos los componentes de nuestras soluciones nos permite, de hecho, ofrecer lanzamientos r\u00e1pidos sin perder la calidad del producto. Para que Lynon lo considere una soluci\u00f3n v\u00e1lida, el producto en s\u00ed debe estar listo desde el punto de vista t\u00e9cnico (funcional, de referencia, de alta calidad y optimizado a largo plazo) antes del prelanzamiento. En resumen, no ofrecemos nada \"r\u00e1pido\" si no se ha desarrollado previa e inicialmente de forma minuciosa y meticulosa durante un s\u00f3lido periodo de tiempo.<\/span><\/p>\t\t\t\t\t\t\t\t<\/div>\n\t\t\t\t<\/div>\n\t\t\t\t<\/div>\n\t\t\t\t\t<\/div>\n\t\t\t\t<\/div>\n\t\t<div class=\"elementor-element elementor-element-a639b4c e-flex e-con-boxed e-con e-parent\" data-id=\"a639b4c\" data-element_type=\"container\">\n\t\t\t\t\t<div class=\"e-con-inner\">\n\t\t<div class=\"elementor-element elementor-element-7764a6e e-con-full e-flex e-con e-child\" data-id=\"7764a6e\" data-element_type=\"container\">\n\t\t\t\t<div class=\"elementor-element elementor-element-2e2a1bf lqd-text-tag-h2 elementor-widget elementor-widget-lqd-text\" data-id=\"2e2a1bf\" data-element_type=\"widget\" data-widget_type=\"lqd-text.default\">\n\t\t\t\t<div class=\"elementor-widget-container\">\n\t\t\t\t\t<h2 class=\"lqd-text-el m-0 p-0\"><span class=\"lqd-text-item relative elementor-repeater-item-c63d5a9\">Aprenda con Nosotros<\/span><\/h2>\t\t\t\t<\/div>\n\t\t\t\t<\/div>\n\t\t\t\t<div class=\"elementor-element elementor-element-5e4ca80 lqd-text-tag-h3 elementor-widget elementor-widget-lqd-text\" data-id=\"5e4ca80\" data-element_type=\"widget\" data-widget_type=\"lqd-text.default\">\n\t\t\t\t<div class=\"elementor-widget-container\">\n\t\t\t\t\t<h3 class=\"lqd-text-el m-0 p-0\"><span class=\"lqd-text-item relative elementor-repeater-item-2cd8439\">\"El mejor cliente es el que se convierte en socio, y el mejor socio es el educado.\"<\/span><\/h3>\t\t\t\t<\/div>\n\t\t\t\t<\/div>\n\t\t\t\t<\/div>\n\t\t<div class=\"elementor-element elementor-element-f45df30 e-con-full e-flex e-con e-child\" data-id=\"f45df30\" data-element_type=\"container\">\n\t\t\t\t<div class=\"elementor-element elementor-element-4eaafdc elementor-widget__width-inherit elementor-widget elementor-widget-text-editor\" data-id=\"4eaafdc\" data-element_type=\"widget\" data-widget_type=\"text-editor.default\">\n\t\t\t\t<div class=\"elementor-widget-container\">\n\t\t\t\t\t\t\t\t\t<p><span style=\"font-weight: 400;\">A veces, los socios pueden no saber lo que realmente necesitan o cu\u00e1l es su objetivo real y la hoja de ruta para alcanzarlo.\u00a0<\/span><\/p><p><span style=\"font-weight: 400;\">En el sector B2B del iGaming, la educaci\u00f3n de los socios es de gran importancia, si queremos proporcionarles todo aquello por lo que pagan y dedican su tiempo. Estamos aprendiendo todo el tiempo, aplicamos las mejores pr\u00e1cticas, dise\u00f1amos soluciones que funcionan en todas las direcciones y fases posibles del desarrollo empresarial y, junto con este proceso continuo, educamos a nuestros socios durante los procedimientos de an\u00e1lisis e investigaci\u00f3n de cada producto en su prelanzamiento y postlanzamiento.<\/span><\/p>\t\t\t\t\t\t\t\t<\/div>\n\t\t\t\t<\/div>\n\t\t\t\t<\/div>\n\t\t\t\t\t<\/div>\n\t\t\t\t<\/div>\n\t\t<div class=\"elementor-element elementor-element-4ca4f4f e-flex e-con-boxed e-con e-parent\" data-id=\"4ca4f4f\" data-element_type=\"container\">\n\t\t\t\t\t<div class=\"e-con-inner\">\n\t\t<div class=\"elementor-element elementor-element-648b4d4 e-con-full e-flex e-con e-child\" data-id=\"648b4d4\" data-element_type=\"container\">\n\t\t\t\t<div class=\"elementor-element elementor-element-4fa0ff6 lqd-text-tag-h2 elementor-widget elementor-widget-lqd-text\" data-id=\"4fa0ff6\" data-element_type=\"widget\" data-widget_type=\"lqd-text.default\">\n\t\t\t\t<div class=\"elementor-widget-container\">\n\t\t\t\t\t<h2 class=\"lqd-text-el m-0 p-0\"><span class=\"lqd-text-item relative elementor-repeater-item-c63d5a9\">El Equipo<\/span><\/h2>\t\t\t\t<\/div>\n\t\t\t\t<\/div>\n\t\t\t\t<div class=\"elementor-element elementor-element-c1dd9fd lqd-text-tag-h3 elementor-widget elementor-widget-lqd-text\" data-id=\"c1dd9fd\" data-element_type=\"widget\" data-widget_type=\"lqd-text.default\">\n\t\t\t\t<div class=\"elementor-widget-container\">\n\t\t\t\t\t<h3 class=\"lqd-text-el m-0 p-0\"><span class=\"lqd-text-item relative elementor-repeater-item-2cd8439\">\"Nos apoyamos en la experiencia de cada uno para construir la experiencia iGaming m\u00e1s f\u00e1cil e inclusiva en B2B.\"<\/span><\/h3>\t\t\t\t<\/div>\n\t\t\t\t<\/div>\n\t\t\t\t<\/div>\n\t\t<div class=\"elementor-element elementor-element-8e91820 e-con-full e-flex e-con e-child\" data-id=\"8e91820\" data-element_type=\"container\">\n\t\t\t\t<div class=\"elementor-element elementor-element-9705c3b elementor-widget__width-inherit elementor-widget elementor-widget-text-editor\" data-id=\"9705c3b\" data-element_type=\"widget\" data-widget_type=\"text-editor.default\">\n\t\t\t\t<div class=\"elementor-widget-container\">\n\t\t\t\t\t\t\t\t\t<p class=\"translation-block\">Nuestro equipo est\u00e1 compuesto por dos grupos principales de expertos y especialistas: <strong>El primer<\/strong> grupo incluye a profesionales del iGaming y de las apuestas, que profundizan en la ciencia y el arte del fen\u00f3meno del juego; mientras que <strong>el segundo<\/strong> grupo est\u00e1 compuesto por especialistas en automatizaci\u00f3n de negocios expertos en SaaS, que aportan su gran experiencia para desarrollar nuevas soluciones institucionales de iGaming sin perder la creatividad y la libertad de visi\u00f3n.<\/p><p><span style=\"font-weight: 400;\">Todos sabemos que la industria del iGaming es aut\u00f3noma y a menudo carece de base institucional. Y adem\u00e1s de su fuerza motriz de notable evoluci\u00f3n constante, muchas empresas del sector no experimentan todo su potencial de avance, como podr\u00edan y lo har\u00edan con una base institucional de soluciones en iGaming.<\/span><\/p>\t\t\t\t\t\t\t\t<\/div>\n\t\t\t\t<\/div>\n\t\t\t\t<\/div>\n\t\t\t\t\t<\/div>\n\t\t\t\t<\/div>\n\t\t\t\t<\/div>","protected":false},"excerpt":{"rendered":"<p>Company The Philosophy &#038; Vision Explore Careers TIME IS GOLD &#8220;We believe that time is not for operational procedures; time is for planning the future&#8221; Our partners save time and preserve energy by receiving a fully ready-to-launch and easily adjustable product in an API-friendly eco-system. The partners&#8217; different requests and needs are covered smoothly and [&hellip;]<\/p>","protected":false},"author":2,"featured_media":0,"parent":0,"menu_order":0,"comment_status":"closed","ping_status":"closed","template":"","meta":{"content-type":"","footnotes":""},"class_list":["post-6035","page","type-page","status-publish","hentry"],"yoast_head":"<!-- This site is optimized with the Yoast SEO Premium plugin v25.6 (Yoast SEO v25.6) - https:\/\/yoast.com\/wordpress\/plugins\/seo\/ -->\n<title>Lynon - iGaming and SaaS Company Overview<\/title>\n<meta name=\"description\" content=\"Explore Lynon, a dynamic and reliable iGaming &amp; SaaS company delivering innovative solutions to your iGaming business. Check our products now\" \/>\n<meta name=\"robots\" content=\"index, follow, max-snippet:-1, max-image-preview:large, max-video-preview:-1\" \/>\n<link rel=\"canonical\" href=\"https:\/\/lynon.com\/es\/company\/\" \/>\n<meta property=\"og:locale\" content=\"es_ES\" \/>\n<meta property=\"og:type\" content=\"article\" \/>\n<meta property=\"og:title\" content=\"Company\" \/>\n<meta property=\"og:description\" content=\"Explore Lynon, a dynamic and reliable iGaming &amp; SaaS company delivering innovative solutions to your iGaming business. Check our products now\" \/>\n<meta property=\"og:url\" content=\"https:\/\/lynon.com\/es\/company\/\" \/>\n<meta property=\"og:site_name\" content=\"Lynon\" \/>\n<meta property=\"article:publisher\" content=\"https:\/\/www.facebook.com\/people\/Lynon\/61569023383759\/\" \/>\n<meta property=\"article:modified_time\" content=\"2025-04-28T13:45:46+00:00\" \/>\n<meta property=\"og:image\" content=\"https:\/\/lynon.com\/wp-content\/uploads\/2025\/03\/share.jpg\" \/>\n\t<meta property=\"og:image:width\" content=\"1200\" \/>\n\t<meta property=\"og:image:height\" content=\"630\" \/>\n\t<meta property=\"og:image:type\" content=\"image\/jpeg\" \/>\n<meta name=\"twitter:card\" content=\"summary_large_image\" \/>\n<meta name=\"twitter:site\" content=\"@Lynon_Official\" \/>\n<meta name=\"twitter:label1\" content=\"Tiempo de lectura\" \/>\n\t<meta name=\"twitter:data1\" content=\"3 minutos\" \/>\n<script type=\"application\/ld+json\" class=\"yoast-schema-graph\">{\"@context\":\"https:\/\/schema.org\",\"@graph\":[{\"@type\":\"WebPage\",\"@id\":\"https:\/\/lynon.com\/company\/\",\"url\":\"https:\/\/lynon.com\/company\/\",\"name\":\"Lynon - iGaming and SaaS Company Overview\",\"isPartOf\":{\"@id\":\"https:\/\/lynon.com\/#website\"},\"datePublished\":\"2024-09-19T20:43:24+00:00\",\"dateModified\":\"2025-04-28T13:45:46+00:00\",\"description\":\"Explore Lynon, a dynamic and reliable iGaming & SaaS company delivering innovative solutions to your iGaming business. Check our products now\",\"breadcrumb\":{\"@id\":\"https:\/\/lynon.com\/company\/#breadcrumb\"},\"inLanguage\":\"es\",\"potentialAction\":[{\"@type\":\"ReadAction\",\"target\":[\"https:\/\/lynon.com\/company\/\"]}]},{\"@type\":\"BreadcrumbList\",\"@id\":\"https:\/\/lynon.com\/company\/#breadcrumb\",\"itemListElement\":[{\"@type\":\"ListItem\",\"position\":1,\"name\":\"Home\",\"item\":\"https:\/\/lynon.com\/\"},{\"@type\":\"ListItem\",\"position\":2,\"name\":\"Company\"}]},{\"@type\":\"WebSite\",\"@id\":\"https:\/\/lynon.com\/#website\",\"url\":\"https:\/\/lynon.com\/\",\"name\":\"Lynon IGaming software\",\"description\":\"\",\"publisher\":{\"@id\":\"https:\/\/lynon.com\/#organization\"},\"alternateName\":\"Linon IGaming software\",\"potentialAction\":[{\"@type\":\"SearchAction\",\"target\":{\"@type\":\"EntryPoint\",\"urlTemplate\":\"https:\/\/lynon.com\/?s={search_term_string}\"},\"query-input\":{\"@type\":\"PropertyValueSpecification\",\"valueRequired\":true,\"valueName\":\"search_term_string\"}}],\"inLanguage\":\"es\"},{\"@type\":\"Organization\",\"@id\":\"https:\/\/lynon.com\/#organization\",\"name\":\"Lynon IGaming software\",\"alternateName\":\"Linon IGaming software\",\"url\":\"https:\/\/lynon.com\/\",\"logo\":{\"@type\":\"ImageObject\",\"inLanguage\":\"es\",\"@id\":\"https:\/\/lynon.com\/#\/schema\/logo\/image\/\",\"url\":\"https:\/\/lynon.com\/wp-content\/uploads\/2025\/03\/share.jpg\",\"contentUrl\":\"https:\/\/lynon.com\/wp-content\/uploads\/2025\/03\/share.jpg\",\"width\":1200,\"height\":630,\"caption\":\"Lynon IGaming software\"},\"image\":{\"@id\":\"https:\/\/lynon.com\/#\/schema\/logo\/image\/\"},\"sameAs\":[\"https:\/\/www.facebook.com\/people\/Lynon\/61569023383759\/\",\"https:\/\/x.com\/Lynon_Official\",\"https:\/\/www.linkedin.com\/company\/lynonofficial\/\"],\"description\":\"Lynon iGaming and SaaS Company delivering innovative solutions to your Online casino business.\",\"email\":\"info@lynon.com\",\"legalName\":\"Lynon iGaming\",\"numberOfEmployees\":{\"@type\":\"QuantitativeValue\",\"minValue\":\"51\",\"maxValue\":\"200\"}}]}<\/script>\n<!-- \/ Yoast SEO Premium plugin. -->","yoast_head_json":{"title":"Lynon - iGaming and SaaS Company Overview","description":"Explore Lynon, a dynamic and reliable iGaming & SaaS company delivering innovative solutions to your iGaming business. Check our products now","robots":{"index":"index","follow":"follow","max-snippet":"max-snippet:-1","max-image-preview":"max-image-preview:large","max-video-preview":"max-video-preview:-1"},"canonical":"https:\/\/lynon.com\/es\/company\/","og_locale":"es_ES","og_type":"article","og_title":"Company","og_description":"Explore Lynon, a dynamic and reliable iGaming & SaaS company delivering innovative solutions to your iGaming business. Check our products now","og_url":"https:\/\/lynon.com\/es\/company\/","og_site_name":"Lynon","article_publisher":"https:\/\/www.facebook.com\/people\/Lynon\/61569023383759\/","article_modified_time":"2025-04-28T13:45:46+00:00","og_image":[{"width":1200,"height":630,"url":"https:\/\/lynon.com\/wp-content\/uploads\/2025\/03\/share.jpg","type":"image\/jpeg"}],"twitter_card":"summary_large_image","twitter_site":"@Lynon_Official","twitter_misc":{"Tiempo de lectura":"3 minutos"},"schema":{"@context":"https:\/\/schema.org","@graph":[{"@type":"WebPage","@id":"https:\/\/lynon.com\/company\/","url":"https:\/\/lynon.com\/company\/","name":"Lynon - iGaming and SaaS Company Overview","isPartOf":{"@id":"https:\/\/lynon.com\/#website"},"datePublished":"2024-09-19T20:43:24+00:00","dateModified":"2025-04-28T13:45:46+00:00","description":"Explore Lynon, a dynamic and reliable iGaming & SaaS company delivering innovative solutions to your iGaming business. Check our products now","breadcrumb":{"@id":"https:\/\/lynon.com\/company\/#breadcrumb"},"inLanguage":"es","potentialAction":[{"@type":"ReadAction","target":["https:\/\/lynon.com\/company\/"]}]},{"@type":"BreadcrumbList","@id":"https:\/\/lynon.com\/company\/#breadcrumb","itemListElement":[{"@type":"ListItem","position":1,"name":"Home","item":"https:\/\/lynon.com\/"},{"@type":"ListItem","position":2,"name":"Company"}]},{"@type":"WebSite","@id":"https:\/\/lynon.com\/#website","url":"https:\/\/lynon.com\/","name":"Lynon IGaming software","description":"","publisher":{"@id":"https:\/\/lynon.com\/#organization"},"alternateName":"Linon IGaming software","potentialAction":[{"@type":"SearchAction","target":{"@type":"EntryPoint","urlTemplate":"https:\/\/lynon.com\/?s={search_term_string}"},"query-input":{"@type":"PropertyValueSpecification","valueRequired":true,"valueName":"search_term_string"}}],"inLanguage":"es"},{"@type":"Organization","@id":"https:\/\/lynon.com\/#organization","name":"Lynon IGaming software","alternateName":"Linon IGaming software","url":"https:\/\/lynon.com\/","logo":{"@type":"ImageObject","inLanguage":"es","@id":"https:\/\/lynon.com\/#\/schema\/logo\/image\/","url":"https:\/\/lynon.com\/wp-content\/uploads\/2025\/03\/share.jpg","contentUrl":"https:\/\/lynon.com\/wp-content\/uploads\/2025\/03\/share.jpg","width":1200,"height":630,"caption":"Lynon IGaming software"},"image":{"@id":"https:\/\/lynon.com\/#\/schema\/logo\/image\/"},"sameAs":["https:\/\/www.facebook.com\/people\/Lynon\/61569023383759\/","https:\/\/x.com\/Lynon_Official","https:\/\/www.linkedin.com\/company\/lynonofficial\/"],"description":"Lynon iGaming and SaaS Company delivering innovative solutions to your Online casino business.","email":"info@lynon.com","legalName":"Lynon iGaming","numberOfEmployees":{"@type":"QuantitativeValue","minValue":"51","maxValue":"200"}}]}},"_links":{"self":[{"href":"https:\/\/lynon.com\/es\/wp-json\/wp\/v2\/pages\/6035","targetHints":{"allow":["GET"]}}],"collection":[{"href":"https:\/\/lynon.com\/es\/wp-json\/wp\/v2\/pages"}],"about":[{"href":"https:\/\/lynon.com\/es\/wp-json\/wp\/v2\/types\/page"}],"author":[{"embeddable":true,"href":"https:\/\/lynon.com\/es\/wp-json\/wp\/v2\/users\/2"}],"replies":[{"embeddable":true,"href":"https:\/\/lynon.com\/es\/wp-json\/wp\/v2\/comments?post=6035"}],"version-history":[{"count":0,"href":"https:\/\/lynon.com\/es\/wp-json\/wp\/v2\/pages\/6035\/revisions"}],"wp:attachment":[{"href":"https:\/\/lynon.com\/es\/wp-json\/wp\/v2\/media?parent=6035"}],"curies":[{"name":"wp","href":"https:\/\/api.w.org\/{rel}","templated":true}]}}