{"id":6033,"date":"2024-09-19T20:41:48","date_gmt":"2024-09-19T20:41:48","guid":{"rendered":"https:\/\/marketing.softland.ai\/?page_id=6033"},"modified":"2025-04-28T13:51:45","modified_gmt":"2025-04-28T13:51:45","slug":"news","status":"publish","type":"page","link":"https:\/\/lynon.com\/pt\/news\/","title":{"rendered":"Not\u00edcias"},"content":{"rendered":"<div id=\"ez-toc-container\" class=\"ez-toc-v2_0_75 counter-hierarchy ez-toc-counter ez-toc-grey ez-toc-container-direction\">\n<div class=\"ez-toc-title-container\">\n<p class=\"ez-toc-title ez-toc-toggle\" style=\"cursor:pointer\">Table of Contents<\/p>\n<span class=\"ez-toc-title-toggle\"><\/span><\/div>\n<nav><ul class='ez-toc-list ez-toc-list-level-1' ><li class='ez-toc-page-1 ez-toc-heading-level-2'><a class=\"ez-toc-link ez-toc-heading-1\" href=\"https:\/\/lynon.com\/pt\/ice-barcelona-2025-recap\/#Debut_in_the_iGaming_Arena\" >Debut in the iGaming Arena<\/a><\/li><li class='ez-toc-page-1 ez-toc-heading-level-2'><a class=\"ez-toc-link ez-toc-heading-2\" href=\"https:\/\/lynon.com\/pt\/ice-barcelona-2025-recap\/#Revolutionary_iGaming_Solutions_and_Products\" >Revolutionary iGaming Solutions and Products<\/a><\/li><li class='ez-toc-page-1 ez-toc-heading-level-2'><a class=\"ez-toc-link ez-toc-heading-3\" href=\"https:\/\/lynon.com\/pt\/ice-barcelona-2025-recap\/#What_Surprises_Did_Happen_During_ICE\" >What Surprises Did Happen During ICE?<\/a><\/li><li class='ez-toc-page-1 ez-toc-heading-level-2'><a class=\"ez-toc-link ez-toc-heading-4\" href=\"https:\/\/lynon.com\/pt\/ice-barcelona-2025-recap\/#Looking_Ahead\" >Looking Ahead<\/a><\/li><\/ul><\/nav><\/div>\n\t\t<div data-elementor-type=\"wp-page\" data-elementor-id=\"6033\" class=\"elementor elementor-6033\" data-elementor-post-type=\"page\">\n\t\t\t\t<div data-lqd-color-scheme=\"dark\" class=\"elementor-element elementor-element-33de469 e-flex e-con-boxed e-con e-parent\" data-id=\"33de469\" data-element_type=\"container\" data-settings=\"{&quot;background_background&quot;:&quot;classic&quot;}\">\n\t\t\t\t\t<div class=\"e-con-inner\">\n\t\t<div class=\"elementor-element elementor-element-73838ac e-con-full e-flex e-con e-child\" data-id=\"73838ac\" data-element_type=\"container\">\n\t\t\t\t<div class=\"elementor-element elementor-element-12e72ee hero-title elementor-widget elementor-widget-heading\" data-id=\"12e72ee\" data-element_type=\"widget\" data-widget_type=\"heading.default\">\n\t\t\t\t<div class=\"elementor-widget-container\">\n\t\t\t\t\t<h1 class=\"elementor-heading-title elementor-size-default\">Fique ligado na Lynon<\/h1>\t\t\t\t<\/div>\n\t\t\t\t<\/div>\n\t\t\t\t<div class=\"elementor-element elementor-element-5474c80 lqd-text-tag-p elementor-widget__width-initial elementor-widget-mobile__width-inherit elementor-widget elementor-widget-lqd-text\" data-id=\"5474c80\" data-element_type=\"widget\" data-widget_type=\"lqd-text.default\" data-lqd-has-inner-animatables=\"true\">\n\t\t\t\t<div class=\"elementor-widget-container\">\n\t\t\t\t\t<p class=\"lqd-text-el m-0 p-0 translation-block\" data-lqd-split-text-el=\"1\" data-lqd-split-type=\"words\">N\u00e3o perca novos lan\u00e7amentos de produtos, atualiza\u00e7\u00f5es da solu\u00e7\u00e3o, novas parcerias e oportunidades de nos encontrar em eventos do setor.<\/p>\t\t\t\t<\/div>\n\t\t\t\t<\/div>\n\t\t<style>.elementor-element-5474c80 .lqd-split-text-words {\n   transform: translate3d(0px,20px,0px) scale(1, 1) rotateX(0deg) rotateY(0deg) rotateZ(0deg) skew(0deg, 0deg);\n   opacity: 0;\n}\n<\/style><script>\n\t\twindow.liquid.behaviors.push( {\n\t\t\tdataId: \"5474c80\",\n\t\t\tbehaviors:[\n\t\t\t\t{behaviorName:'liquidSplitText',options:{splitDoneFromBackend:true,splitType:'words'}},{behaviorName:'liquidGetElementComputedStyles',options:{includeSelf:true,getRect:true,addGhosts:true}},{behaviorName:'liquidAnimations',options:{domain:'inview',trigger:'ghost',duration:0.65,ease:'expo.out',stagger:{each:0.03,from:'start'},delay:0.3,start:'top+=30px bottom',startElementOffset:0,startViewportOffset:0,animations:[{elements:'selfAnimatables',breakpointsKeyframes:{all:{keyframes:[{scaleX:1,scaleY:1,skewX:0,skewY:0,x:'0px',y:'0px',z:'0px',rotateX:0,rotateY:0,rotateZ:0,opacity:1}]}}}]}},\n\t\t\t]\n\t\t} );\n\t\t\n\t\t<\/script>\t\t<\/div>\n\t\t\t\t\t<\/div>\n\t\t\t\t<\/div>\n\t\t<div class=\"elementor-element elementor-element-519855c e-flex e-con-boxed e-con e-parent\" data-id=\"519855c\" data-element_type=\"container\">\n\t\t\t\t\t<div class=\"e-con-inner\">\n\t\t\t\t<div class=\"elementor-element elementor-element-830ded7 elementor-grid-3 elementor-grid-tablet-2 elementor-grid-mobile-1 elementor-posts--thumbnail-top elementor-widget elementor-widget-posts\" data-id=\"830ded7\" data-element_type=\"widget\" data-settings=\"{&quot;pagination_type&quot;:&quot;numbers_and_prev_next&quot;,&quot;classic_columns&quot;:&quot;3&quot;,&quot;classic_columns_tablet&quot;:&quot;2&quot;,&quot;classic_columns_mobile&quot;:&quot;1&quot;,&quot;classic_row_gap&quot;:{&quot;unit&quot;:&quot;px&quot;,&quot;size&quot;:35,&quot;sizes&quot;:[]},&quot;classic_row_gap_tablet&quot;:{&quot;unit&quot;:&quot;px&quot;,&quot;size&quot;:&quot;&quot;,&quot;sizes&quot;:[]},&quot;classic_row_gap_mobile&quot;:{&quot;unit&quot;:&quot;px&quot;,&quot;size&quot;:&quot;&quot;,&quot;sizes&quot;:[]}}\" data-widget_type=\"posts.classic\">\n\t\t\t\t<div class=\"elementor-widget-container\">\n\t\t\t\t\t\t\t<div class=\"elementor-posts-container elementor-posts elementor-posts--skin-classic elementor-grid\" role=\"list\">\n\t\t\t\t<article class=\"elementor-post elementor-grid-item post-17817 post type-post status-publish format-standard has-post-thumbnail hentry category-news\" role=\"listitem\">\n\t\t\t\t<a class=\"elementor-post__thumbnail__link\" href=\"https:\/\/lynon.com\/pt\/the-best-bonus-engine-award\/\" tabindex=\"-1\" >\n\t\t\t<div class=\"elementor-post__thumbnail\"><img fetchpriority=\"high\" decoding=\"async\" width=\"1365\" height=\"817\" src=\"https:\/\/lynon.com\/wp-content\/uploads\/2025\/11\/The-Best-Bonus-Engine-of-2025-Sigma-Award-1.png\" class=\"attachment-full size-full wp-image-17820\" alt=\"The Best Bonus Engine of 2025 - Sigma Award\" srcset=\"https:\/\/lynon.com\/wp-content\/uploads\/2025\/11\/The-Best-Bonus-Engine-of-2025-Sigma-Award-1.png 1365w, https:\/\/lynon.com\/wp-content\/uploads\/2025\/11\/The-Best-Bonus-Engine-of-2025-Sigma-Award-1-300x180.png 300w, https:\/\/lynon.com\/wp-content\/uploads\/2025\/11\/The-Best-Bonus-Engine-of-2025-Sigma-Award-1-1024x613.png 1024w, https:\/\/lynon.com\/wp-content\/uploads\/2025\/11\/The-Best-Bonus-Engine-of-2025-Sigma-Award-1-18x12.png 18w\" sizes=\"(max-width: 1365px) 100vw, 1365px\" \/><\/div>\n\t\t<\/a>\n\t\t\t\t<div class=\"elementor-post__text\">\n\t\t\t\t<h3 class=\"elementor-post__title\">\n\t\t\t<a href=\"https:\/\/lynon.com\/pt\/the-best-bonus-engine-award\/\" >\n\t\t\t\tThe Best Bonus Engine of 2025:A Game-Changer Solution in Bonus Reality\t\t\t<\/a>\n\t\t<\/h3>\n\t\t\t\t<div class=\"elementor-post__meta-data\">\n\t\t\t\t\t<span class=\"elementor-post-date\">\n\t\t\tnovembro 24, 2025\t\t<\/span>\n\t\t\t\t<\/div>\n\t\t\t\t<div class=\"elementor-post__excerpt\">\n\t\t\t<p>Lynon\u2019s Bonus Constructor has officially been named \u201cBest Bonus Engine of 2025\u201d at SiGMA Central Europe \u2014 a recognition that marks not just a win,<\/p>\n\t\t<\/div>\n\t\t\n\t\t<a class=\"elementor-post__read-more\" href=\"https:\/\/lynon.com\/pt\/the-best-bonus-engine-award\/\" aria-label=\"Leia mais sobre The Best Bonus Engine of 2025:A Game-Changer Solution in Bonus Reality\" tabindex=\"-1\" >\n\t\t\tLeia Mais \u00bb\t\t<\/a>\n\n\t\t\t\t<\/div>\n\t\t\t\t<\/article>\n\t\t\t\t<article class=\"elementor-post elementor-grid-item post-16702 post type-post status-publish format-standard has-post-thumbnail hentry category-news\" role=\"listitem\">\n\t\t\t\t<a class=\"elementor-post__thumbnail__link\" href=\"https:\/\/lynon.com\/pt\/stand-p20-at-igb-live-2025\/\" tabindex=\"-1\" >\n\t\t\t<div class=\"elementor-post__thumbnail\"><img decoding=\"async\" width=\"1365\" height=\"815\" src=\"https:\/\/lynon.com\/wp-content\/uploads\/2025\/06\/igb-live-2025.png\" class=\"attachment-full size-full wp-image-16703\" alt=\"igb-live-2025\" srcset=\"https:\/\/lynon.com\/wp-content\/uploads\/2025\/06\/igb-live-2025.png 1365w, https:\/\/lynon.com\/wp-content\/uploads\/2025\/06\/igb-live-2025-300x179.png 300w, https:\/\/lynon.com\/wp-content\/uploads\/2025\/06\/igb-live-2025-1024x611.png 1024w, https:\/\/lynon.com\/wp-content\/uploads\/2025\/06\/igb-live-2025-18x12.png 18w\" sizes=\"(max-width: 1365px) 100vw, 1365px\" \/><\/div>\n\t\t<\/a>\n\t\t\t\t<div class=\"elementor-post__text\">\n\t\t\t\t<h3 class=\"elementor-post__title\">\n\t\t\t<a href=\"https:\/\/lynon.com\/pt\/stand-p20-at-igb-live-2025\/\" >\n\t\t\t\tLynon Confirms Stand P20 Showcase at IGB Live 2025\t\t\t<\/a>\n\t\t<\/h3>\n\t\t\t\t<div class=\"elementor-post__meta-data\">\n\t\t\t\t\t<span class=\"elementor-post-date\">\n\t\t\tjunho 27, 2025\t\t<\/span>\n\t\t\t\t<\/div>\n\t\t\t\t<div class=\"elementor-post__excerpt\">\n\t\t\t<p>Instant launch power, three new exclusives, and full ownership potential. Lynon will present The Ultimate Pack and three debut solutions at IGB Live 2025, London,<\/p>\n\t\t<\/div>\n\t\t\n\t\t<a class=\"elementor-post__read-more\" href=\"https:\/\/lynon.com\/pt\/stand-p20-at-igb-live-2025\/\" aria-label=\"Leia mais sobre Lynon Confirms Stand P20 Showcase at IGB Live 2025\" tabindex=\"-1\" >\n\t\t\tLeia Mais \u00bb\t\t<\/a>\n\n\t\t\t\t<\/div>\n\t\t\t\t<\/article>\n\t\t\t\t<article class=\"elementor-post elementor-grid-item post-16647 post type-post status-publish format-standard has-post-thumbnail hentry category-news\" role=\"listitem\">\n\t\t\t\t<a class=\"elementor-post__thumbnail__link\" href=\"https:\/\/lynon.com\/pt\/ultimate-pack-at-sbc-summit-malta-2025\/\" tabindex=\"-1\" >\n\t\t\t<div class=\"elementor-post__thumbnail\"><img decoding=\"async\" width=\"1365\" height=\"817\" src=\"https:\/\/lynon.com\/wp-content\/uploads\/2025\/06\/press.png\" class=\"attachment-full size-full wp-image-16648\" alt=\"lynon-sbc-malta\" srcset=\"https:\/\/lynon.com\/wp-content\/uploads\/2025\/06\/press.png 1365w, https:\/\/lynon.com\/wp-content\/uploads\/2025\/06\/press-300x180.png 300w, https:\/\/lynon.com\/wp-content\/uploads\/2025\/06\/press-1024x613.png 1024w, https:\/\/lynon.com\/wp-content\/uploads\/2025\/06\/press-18x12.png 18w\" sizes=\"(max-width: 1365px) 100vw, 1365px\" \/><\/div>\n\t\t<\/a>\n\t\t\t\t<div class=\"elementor-post__text\">\n\t\t\t\t<h3 class=\"elementor-post__title\">\n\t\t\t<a href=\"https:\/\/lynon.com\/pt\/ultimate-pack-at-sbc-summit-malta-2025\/\" >\n\t\t\t\tLynon Brings \u201cThe Ultimate Pack\u201d to SBC Summit Malta 2025\t\t\t<\/a>\n\t\t<\/h3>\n\t\t\t\t<div class=\"elementor-post__meta-data\">\n\t\t\t\t\t<span class=\"elementor-post-date\">\n\t\t\tjunho 3, 2025\t\t<\/span>\n\t\t\t\t<\/div>\n\t\t\t\t<div class=\"elementor-post__excerpt\">\n\t\t\t<p>Your Smart Launch, Your Scalable Structure, Your Easy Path. Lynon will be exhibiting at SBC Summit Malta 2025, taking place June 10\u201312, with a bold<\/p>\n\t\t<\/div>\n\t\t\n\t\t<a class=\"elementor-post__read-more\" href=\"https:\/\/lynon.com\/pt\/ultimate-pack-at-sbc-summit-malta-2025\/\" aria-label=\"Leia mais sobre Lynon Brings \u201cThe Ultimate Pack\u201d to SBC Summit Malta 2025\" tabindex=\"-1\" >\n\t\t\tLeia Mais \u00bb\t\t<\/a>\n\n\t\t\t\t<\/div>\n\t\t\t\t<\/article>\n\t\t\t\t<article class=\"elementor-post elementor-grid-item post-16567 post type-post status-publish format-standard has-post-thumbnail hentry category-news\" role=\"listitem\">\n\t\t\t\t<a class=\"elementor-post__thumbnail__link\" href=\"https:\/\/lynon.com\/pt\/the-ultimate-pack-from-lynon\/\" tabindex=\"-1\" >\n\t\t\t<div class=\"elementor-post__thumbnail\"><img loading=\"lazy\" decoding=\"async\" width=\"1365\" height=\"817\" src=\"https:\/\/lynon.com\/wp-content\/uploads\/2025\/05\/offer-full-1365x817-1.png\" class=\"attachment-full size-full wp-image-16586\" alt=\"offer-igaming\" srcset=\"https:\/\/lynon.com\/wp-content\/uploads\/2025\/05\/offer-full-1365x817-1.png 1365w, https:\/\/lynon.com\/wp-content\/uploads\/2025\/05\/offer-full-1365x817-1-300x180.png 300w, https:\/\/lynon.com\/wp-content\/uploads\/2025\/05\/offer-full-1365x817-1-1024x613.png 1024w, https:\/\/lynon.com\/wp-content\/uploads\/2025\/05\/offer-full-1365x817-1-18x12.png 18w\" sizes=\"(max-width: 1365px) 100vw, 1365px\" \/><\/div>\n\t\t<\/a>\n\t\t\t\t<div class=\"elementor-post__text\">\n\t\t\t\t<h3 class=\"elementor-post__title\">\n\t\t\t<a href=\"https:\/\/lynon.com\/pt\/the-ultimate-pack-from-lynon\/\" >\n\t\t\t\tThe Ultimate Pack from Lynon\t\t\t<\/a>\n\t\t<\/h3>\n\t\t\t\t<div class=\"elementor-post__meta-data\">\n\t\t\t\t\t<span class=\"elementor-post-date\">\n\t\t\tmaio 14, 2025\t\t<\/span>\n\t\t\t\t<\/div>\n\t\t\t\t<div class=\"elementor-post__excerpt\">\n\t\t\t<p>Lynon has announced the release of its newest commercial offer: The Ultimate Pack. This launch package is designed for fast-moving operators seeking high-value tools, commercial<\/p>\n\t\t<\/div>\n\t\t\n\t\t<a class=\"elementor-post__read-more\" href=\"https:\/\/lynon.com\/pt\/the-ultimate-pack-from-lynon\/\" aria-label=\"Leia mais sobre The Ultimate Pack from Lynon\" tabindex=\"-1\" >\n\t\t\tLeia Mais \u00bb\t\t<\/a>\n\n\t\t\t\t<\/div>\n\t\t\t\t<\/article>\n\t\t\t\t<article class=\"elementor-post elementor-grid-item post-15406 post type-post status-publish format-standard has-post-thumbnail hentry category-news\" role=\"listitem\">\n\t\t\t\t<a class=\"elementor-post__thumbnail__link\" href=\"https:\/\/lynon.com\/pt\/sigma-americas-2025-lynon-participation\/\" tabindex=\"-1\" >\n\t\t\t<div class=\"elementor-post__thumbnail\"><img loading=\"lazy\" decoding=\"async\" width=\"1365\" height=\"817\" src=\"https:\/\/lynon.com\/wp-content\/uploads\/2025\/04\/sigma-recap.jpg\" class=\"attachment-full size-full wp-image-15410\" alt=\"sigma-recap\" srcset=\"https:\/\/lynon.com\/wp-content\/uploads\/2025\/04\/sigma-recap.jpg 1365w, https:\/\/lynon.com\/wp-content\/uploads\/2025\/04\/sigma-recap-300x180.jpg 300w, https:\/\/lynon.com\/wp-content\/uploads\/2025\/04\/sigma-recap-1024x613.jpg 1024w, https:\/\/lynon.com\/wp-content\/uploads\/2025\/04\/sigma-recap-18x12.jpg 18w\" sizes=\"(max-width: 1365px) 100vw, 1365px\" \/><\/div>\n\t\t<\/a>\n\t\t\t\t<div class=\"elementor-post__text\">\n\t\t\t\t<h3 class=\"elementor-post__title\">\n\t\t\t<a href=\"https:\/\/lynon.com\/pt\/sigma-americas-2025-lynon-participation\/\" >\n\t\t\t\tSiGMA Americas 2025: Overview of Lynon&#8217;s Participation\t\t\t<\/a>\n\t\t<\/h3>\n\t\t\t\t<div class=\"elementor-post__meta-data\">\n\t\t\t\t\t<span class=\"elementor-post-date\">\n\t\t\tabril 18, 2025\t\t<\/span>\n\t\t\t\t<\/div>\n\t\t\t\t<div class=\"elementor-post__excerpt\">\n\t\t\t<p>At SiGMA Americas 2025, Lynon took part in what turned out to be a dynamic gathering in S\u00e3o Paulo. While rooted in LatAm, the event\u2019s<\/p>\n\t\t<\/div>\n\t\t\n\t\t<a class=\"elementor-post__read-more\" href=\"https:\/\/lynon.com\/pt\/sigma-americas-2025-lynon-participation\/\" aria-label=\"Leia mais sobre SiGMA Americas 2025: Overview of Lynon&#8217;s Participation\" tabindex=\"-1\" >\n\t\t\tLeia Mais \u00bb\t\t<\/a>\n\n\t\t\t\t<\/div>\n\t\t\t\t<\/article>\n\t\t\t\t<article class=\"elementor-post elementor-grid-item post-13773 post type-post status-publish format-standard has-post-thumbnail hentry category-news\" role=\"listitem\">\n\t\t\t\t<a class=\"elementor-post__thumbnail__link\" href=\"https:\/\/lynon.com\/pt\/ice-barcelona-2025-recap\/\" tabindex=\"-1\" >\n\t\t\t<div class=\"elementor-post__thumbnail\"><img loading=\"lazy\" decoding=\"async\" width=\"1365\" height=\"817\" src=\"https:\/\/lynon.com\/wp-content\/uploads\/2025\/02\/recap.png\" class=\"attachment-full size-full wp-image-13774\" alt=\"ice-barcelona-2025-recap\" srcset=\"https:\/\/lynon.com\/wp-content\/uploads\/2025\/02\/recap.png 1365w, https:\/\/lynon.com\/wp-content\/uploads\/2025\/02\/recap-300x180.png 300w, https:\/\/lynon.com\/wp-content\/uploads\/2025\/02\/recap-1024x613.png 1024w, https:\/\/lynon.com\/wp-content\/uploads\/2025\/02\/recap-18x12.png 18w\" sizes=\"(max-width: 1365px) 100vw, 1365px\" \/><\/div>\n\t\t<\/a>\n\t\t\t\t<div class=\"elementor-post__text\">\n\t\t\t\t<h3 class=\"elementor-post__title\">\n\t\t\t<a href=\"https:\/\/lynon.com\/pt\/ice-barcelona-2025-recap\/\" >\n\t\t\t\tLynon on ICE Barcelona 2025 Recap\t\t\t<\/a>\n\t\t<\/h3>\n\t\t\t\t<div class=\"elementor-post__meta-data\">\n\t\t\t\t\t<span class=\"elementor-post-date\">\n\t\t\tfevereiro 17, 2025\t\t<\/span>\n\t\t\t\t<\/div>\n\t\t\t\t<div class=\"elementor-post__excerpt\">\n\t\t\t<p>It was a great step-in at ICE Barcelona 2025, entering the iGaming industry with game-changing solutions, exciting activities, and a strong focus on building long-term<\/p>\n\t\t<\/div>\n\t\t\n\t\t<a class=\"elementor-post__read-more\" href=\"https:\/\/lynon.com\/pt\/ice-barcelona-2025-recap\/\" aria-label=\"Leia mais sobre Lynon on ICE Barcelona 2025 Recap\" tabindex=\"-1\" >\n\t\t\tLeia Mais \u00bb\t\t<\/a>\n\n\t\t\t\t<\/div>\n\t\t\t\t<\/article>\n\t\t\t\t<\/div>\n\t\t\n\t\t\t\t<div class=\"e-load-more-anchor\" data-page=\"1\" data-max-page=\"2\" data-next-page=\"https:\/\/lynon.com\/pt\/wp-json\/wp\/v2\/pages\/6033\/page\/2\/\"><\/div>\n\t\t\t\t<nav class=\"elementor-pagination\" aria-label=\"Pagina\u00e7\u00e3o\">\n\t\t\t<span class=\"page-numbers prev\">&laquo; Previous<\/span>\n<span aria-current=\"page\" class=\"page-numbers current\"><span class=\"elementor-screen-only\">P\u00e1gina<\/span>1<\/span>\n<a class=\"page-numbers\" href=\"https:\/\/lynon.com\/pt\/wp-json\/wp\/v2\/pages\/6033\/page\/2\/\"><span class=\"elementor-screen-only\">P\u00e1gina<\/span>2<\/a>\n<a class=\"page-numbers next\" href=\"https:\/\/lynon.com\/pt\/wp-json\/wp\/v2\/pages\/6033\/page\/2\/\">Next &raquo;<\/a>\t\t<\/nav>\n\t\t\t\t\t\t<\/div>\n\t\t\t\t<\/div>\n\t\t\t\t\t<\/div>\n\t\t\t\t<\/div>\n\t\t\t\t<\/div>","protected":false},"excerpt":{"rendered":"<p>Stay tuned on Lynon Don&#8217;t&nbsp;miss&nbsp;new&nbsp;product&nbsp;launches,&nbsp;solution&nbsp;updates,&nbsp;new&nbsp;partnerships&nbsp;and&nbsp;opportunities&nbsp;to&nbsp;meet&nbsp;us&nbsp;at&nbsp;industry&nbsp;events.<\/p>","protected":false},"author":2,"featured_media":0,"parent":0,"menu_order":0,"comment_status":"closed","ping_status":"closed","template":"","meta":{"content-type":"","footnotes":""},"class_list":["post-6033","page","type-page","status-publish","hentry"],"yoast_head":"<!-- This site is optimized with the Yoast SEO Premium plugin v25.6 (Yoast SEO v25.6) - https:\/\/yoast.com\/wordpress\/plugins\/seo\/ -->\n<title>iGaming Latest News | Lynon - iGaming and SaaS<\/title>\n<meta name=\"description\" content=\"Stay informed with the latest iGaming updates from Lynon, covering industry trends, news, and insights to enhance your iGaming strategy.\" \/>\n<meta name=\"robots\" content=\"index, follow, max-snippet:-1, max-image-preview:large, max-video-preview:-1\" \/>\n<link rel=\"canonical\" href=\"https:\/\/lynon.com\/pt\/news\/\" \/>\n<meta property=\"og:locale\" content=\"pt_BR\" \/>\n<meta property=\"og:type\" content=\"article\" \/>\n<meta property=\"og:title\" content=\"News\" \/>\n<meta property=\"og:description\" content=\"Stay informed with the latest iGaming updates from Lynon, covering industry trends, news, and insights to enhance your iGaming strategy.\" \/>\n<meta property=\"og:url\" content=\"https:\/\/lynon.com\/pt\/news\/\" \/>\n<meta property=\"og:site_name\" content=\"Lynon\" \/>\n<meta property=\"article:publisher\" content=\"https:\/\/www.facebook.com\/people\/Lynon\/61569023383759\/\" \/>\n<meta property=\"article:modified_time\" content=\"2025-04-28T13:51:45+00:00\" \/>\n<meta property=\"og:image\" content=\"https:\/\/lynon.com\/wp-content\/uploads\/2025\/03\/share.jpg\" \/>\n\t<meta property=\"og:image:width\" content=\"1200\" \/>\n\t<meta property=\"og:image:height\" content=\"630\" \/>\n\t<meta property=\"og:image:type\" content=\"image\/jpeg\" \/>\n<meta name=\"twitter:card\" content=\"summary_large_image\" \/>\n<meta name=\"twitter:site\" content=\"@Lynon_Official\" \/>\n<meta name=\"twitter:label1\" content=\"Est. tempo de leitura\" \/>\n\t<meta name=\"twitter:data1\" content=\"5 minutos\" \/>\n<script type=\"application\/ld+json\" class=\"yoast-schema-graph\">{\"@context\":\"https:\/\/schema.org\",\"@graph\":[{\"@type\":\"WebPage\",\"@id\":\"https:\/\/lynon.com\/news\/\",\"url\":\"https:\/\/lynon.com\/news\/\",\"name\":\"iGaming Latest News | Lynon - iGaming and SaaS\",\"isPartOf\":{\"@id\":\"https:\/\/lynon.com\/#website\"},\"datePublished\":\"2024-09-19T20:41:48+00:00\",\"dateModified\":\"2025-04-28T13:51:45+00:00\",\"description\":\"Stay informed with the latest iGaming updates from Lynon, covering industry trends, news, and insights to enhance your iGaming strategy.\",\"breadcrumb\":{\"@id\":\"https:\/\/lynon.com\/news\/#breadcrumb\"},\"inLanguage\":\"pt-BR\",\"potentialAction\":[{\"@type\":\"ReadAction\",\"target\":[\"https:\/\/lynon.com\/news\/\"]}]},{\"@type\":\"BreadcrumbList\",\"@id\":\"https:\/\/lynon.com\/news\/#breadcrumb\",\"itemListElement\":[{\"@type\":\"ListItem\",\"position\":1,\"name\":\"Home\",\"item\":\"https:\/\/lynon.com\/\"},{\"@type\":\"ListItem\",\"position\":2,\"name\":\"News\"}]},{\"@type\":\"WebSite\",\"@id\":\"https:\/\/lynon.com\/#website\",\"url\":\"https:\/\/lynon.com\/\",\"name\":\"Lynon IGaming software\",\"description\":\"\",\"publisher\":{\"@id\":\"https:\/\/lynon.com\/#organization\"},\"alternateName\":\"Linon IGaming software\",\"potentialAction\":[{\"@type\":\"SearchAction\",\"target\":{\"@type\":\"EntryPoint\",\"urlTemplate\":\"https:\/\/lynon.com\/?s={search_term_string}\"},\"query-input\":{\"@type\":\"PropertyValueSpecification\",\"valueRequired\":true,\"valueName\":\"search_term_string\"}}],\"inLanguage\":\"pt-BR\"},{\"@type\":\"Organization\",\"@id\":\"https:\/\/lynon.com\/#organization\",\"name\":\"Lynon IGaming software\",\"alternateName\":\"Linon IGaming software\",\"url\":\"https:\/\/lynon.com\/\",\"logo\":{\"@type\":\"ImageObject\",\"inLanguage\":\"pt-BR\",\"@id\":\"https:\/\/lynon.com\/#\/schema\/logo\/image\/\",\"url\":\"https:\/\/lynon.com\/wp-content\/uploads\/2025\/03\/share.jpg\",\"contentUrl\":\"https:\/\/lynon.com\/wp-content\/uploads\/2025\/03\/share.jpg\",\"width\":1200,\"height\":630,\"caption\":\"Lynon IGaming software\"},\"image\":{\"@id\":\"https:\/\/lynon.com\/#\/schema\/logo\/image\/\"},\"sameAs\":[\"https:\/\/www.facebook.com\/people\/Lynon\/61569023383759\/\",\"https:\/\/x.com\/Lynon_Official\",\"https:\/\/www.linkedin.com\/company\/lynonofficial\/\"],\"description\":\"Lynon iGaming and SaaS Company delivering innovative solutions to your Online casino business.\",\"email\":\"info@lynon.com\",\"legalName\":\"Lynon iGaming\",\"numberOfEmployees\":{\"@type\":\"QuantitativeValue\",\"minValue\":\"51\",\"maxValue\":\"200\"}}]}<\/script>\n<!-- \/ Yoast SEO Premium plugin. -->","yoast_head_json":{"title":"iGaming Latest News | Lynon - iGaming and SaaS","description":"Stay informed with the latest iGaming updates from Lynon, covering industry trends, news, and insights to enhance your iGaming strategy.","robots":{"index":"index","follow":"follow","max-snippet":"max-snippet:-1","max-image-preview":"max-image-preview:large","max-video-preview":"max-video-preview:-1"},"canonical":"https:\/\/lynon.com\/pt\/news\/","og_locale":"pt_BR","og_type":"article","og_title":"News","og_description":"Stay informed with the latest iGaming updates from Lynon, covering industry trends, news, and insights to enhance your iGaming strategy.","og_url":"https:\/\/lynon.com\/pt\/news\/","og_site_name":"Lynon","article_publisher":"https:\/\/www.facebook.com\/people\/Lynon\/61569023383759\/","article_modified_time":"2025-04-28T13:51:45+00:00","og_image":[{"width":1200,"height":630,"url":"https:\/\/lynon.com\/wp-content\/uploads\/2025\/03\/share.jpg","type":"image\/jpeg"}],"twitter_card":"summary_large_image","twitter_site":"@Lynon_Official","twitter_misc":{"Est. tempo de leitura":"5 minutos"},"schema":{"@context":"https:\/\/schema.org","@graph":[{"@type":"WebPage","@id":"https:\/\/lynon.com\/news\/","url":"https:\/\/lynon.com\/news\/","name":"iGaming Latest News | Lynon - iGaming and SaaS","isPartOf":{"@id":"https:\/\/lynon.com\/#website"},"datePublished":"2024-09-19T20:41:48+00:00","dateModified":"2025-04-28T13:51:45+00:00","description":"Stay informed with the latest iGaming updates from Lynon, covering industry trends, news, and insights to enhance your iGaming strategy.","breadcrumb":{"@id":"https:\/\/lynon.com\/news\/#breadcrumb"},"inLanguage":"pt-BR","potentialAction":[{"@type":"ReadAction","target":["https:\/\/lynon.com\/news\/"]}]},{"@type":"BreadcrumbList","@id":"https:\/\/lynon.com\/news\/#breadcrumb","itemListElement":[{"@type":"ListItem","position":1,"name":"Home","item":"https:\/\/lynon.com\/"},{"@type":"ListItem","position":2,"name":"News"}]},{"@type":"WebSite","@id":"https:\/\/lynon.com\/#website","url":"https:\/\/lynon.com\/","name":"Lynon IGaming software","description":"","publisher":{"@id":"https:\/\/lynon.com\/#organization"},"alternateName":"Linon IGaming software","potentialAction":[{"@type":"SearchAction","target":{"@type":"EntryPoint","urlTemplate":"https:\/\/lynon.com\/?s={search_term_string}"},"query-input":{"@type":"PropertyValueSpecification","valueRequired":true,"valueName":"search_term_string"}}],"inLanguage":"pt-BR"},{"@type":"Organization","@id":"https:\/\/lynon.com\/#organization","name":"Lynon IGaming software","alternateName":"Linon IGaming software","url":"https:\/\/lynon.com\/","logo":{"@type":"ImageObject","inLanguage":"pt-BR","@id":"https:\/\/lynon.com\/#\/schema\/logo\/image\/","url":"https:\/\/lynon.com\/wp-content\/uploads\/2025\/03\/share.jpg","contentUrl":"https:\/\/lynon.com\/wp-content\/uploads\/2025\/03\/share.jpg","width":1200,"height":630,"caption":"Lynon IGaming software"},"image":{"@id":"https:\/\/lynon.com\/#\/schema\/logo\/image\/"},"sameAs":["https:\/\/www.facebook.com\/people\/Lynon\/61569023383759\/","https:\/\/x.com\/Lynon_Official","https:\/\/www.linkedin.com\/company\/lynonofficial\/"],"description":"Lynon iGaming and SaaS Company delivering innovative solutions to your Online casino business.","email":"info@lynon.com","legalName":"Lynon iGaming","numberOfEmployees":{"@type":"QuantitativeValue","minValue":"51","maxValue":"200"}}]}},"_links":{"self":[{"href":"https:\/\/lynon.com\/pt\/wp-json\/wp\/v2\/pages\/6033","targetHints":{"allow":["GET"]}}],"collection":[{"href":"https:\/\/lynon.com\/pt\/wp-json\/wp\/v2\/pages"}],"about":[{"href":"https:\/\/lynon.com\/pt\/wp-json\/wp\/v2\/types\/page"}],"author":[{"embeddable":true,"href":"https:\/\/lynon.com\/pt\/wp-json\/wp\/v2\/users\/2"}],"replies":[{"embeddable":true,"href":"https:\/\/lynon.com\/pt\/wp-json\/wp\/v2\/comments?post=6033"}],"version-history":[{"count":0,"href":"https:\/\/lynon.com\/pt\/wp-json\/wp\/v2\/pages\/6033\/revisions"}],"wp:attachment":[{"href":"https:\/\/lynon.com\/pt\/wp-json\/wp\/v2\/media?parent=6033"}],"curies":[{"name":"wp","href":"https:\/\/api.w.org\/{rel}","templated":true}]}}